{"id":817,"date":"2024-12-16T21:03:29","date_gmt":"2024-12-16T21:03:29","guid":{"rendered":"https:\/\/converisoneinc.com\/?page_id=817"},"modified":"2024-12-16T21:07:23","modified_gmt":"2024-12-16T21:07:23","slug":"politica-de-privacidad","status":"publish","type":"page","link":"https:\/\/converisoneinc.com\/es\/politica-de-privacidad\/","title":{"rendered":"Pol\u00edtica de Privacidad"},"content":{"rendered":"<div data-elementor-type=\"wp-page\" data-elementor-id=\"817\" class=\"elementor elementor-817\" data-elementor-post-type=\"page\">\n\t\t\t\t\t\t<section class=\"elementor-section elementor-top-section elementor-element elementor-element-78f2e095 elementor-section-height-min-height elementor-section-items-stretch elementor-section-stretched elementor-section-boxed elementor-section-height-default\" data-id=\"78f2e095\" data-element_type=\"section\" data-e-type=\"section\" data-settings=\"{&quot;stretch_section&quot;:&quot;section-stretched&quot;,&quot;background_background&quot;:&quot;classic&quot;}\">\n\t\t\t\t\t\t<div class=\"elementor-container elementor-column-gap-default\">\n\t\t\t\t\t<div class=\"elementor-column elementor-col-100 elementor-top-column elementor-element elementor-element-261c7783\" data-id=\"261c7783\" data-element_type=\"column\" data-e-type=\"column\" data-settings=\"{&quot;background_background&quot;:&quot;classic&quot;}\">\n\t\t\t<div class=\"elementor-widget-wrap elementor-element-populated\">\n\t\t\t\t\t\t<div class=\"elementor-element elementor-element-4c127cdc elementor-invisible elementor-widget elementor-widget-icon-box\" data-id=\"4c127cdc\" data-element_type=\"widget\" data-e-type=\"widget\" data-settings=\"{&quot;_animation&quot;:&quot;fadeInUp&quot;}\" data-widget_type=\"icon-box.default\">\n\t\t\t\t<div class=\"elementor-widget-container\">\n\t\t\t\t\t\t\t<div class=\"elementor-icon-box-wrapper\">\n\n\t\t\t\n\t\t\t\t\t\t<div class=\"elementor-icon-box-content\">\n\n\t\t\t\t\n\t\t\t\t\t\t\t\t\t<p class=\"elementor-icon-box-description\">\n\t\t\t\t\t\tPol\u00edtica de Privacidad\t\t\t\t\t<\/p>\n\t\t\t\t\n\t\t\t<\/div>\n\t\t\t\n\t\t<\/div>\n\t\t\t\t\t\t<\/div>\n\t\t\t\t<\/div>\n\t\t\t\t\t<\/div>\n\t\t<\/div>\n\t\t\t\t\t<\/div>\n\t\t<\/section>\n\t\t\t\t<section class=\"elementor-section elementor-top-section elementor-element elementor-element-25e2bef elementor-section-boxed elementor-section-height-default elementor-section-height-default\" data-id=\"25e2bef\" data-element_type=\"section\" data-e-type=\"section\">\n\t\t\t\t\t\t<div class=\"elementor-container elementor-column-gap-default\">\n\t\t\t\t\t<div class=\"elementor-column elementor-col-100 elementor-top-column elementor-element elementor-element-01af82a\" data-id=\"01af82a\" data-element_type=\"column\" data-e-type=\"column\">\n\t\t\t<div class=\"elementor-widget-wrap elementor-element-populated\">\n\t\t\t\t\t\t<div class=\"elementor-element elementor-element-5f9bccd elementor-widget elementor-widget-text-editor\" data-id=\"5f9bccd\" data-element_type=\"widget\" data-e-type=\"widget\" data-widget_type=\"text-editor.default\">\n\t\t\t\t<div class=\"elementor-widget-container\">\n\t\t\t\t\t\t\t\t\t<p><span style=\"font-weight: 400;\">Pol\u00edtica de Privacidad de CONVERIS ONE Inc<\/span><\/p><p><span style=\"font-weight: 400;\">\u00daltima actualizaci\u00f3n: 12 de diciembre de 2024<\/span><\/p><p>\u00a0<\/p><p><strong>1.Introducci\u00f3n<\/strong><\/p><p><span style=\"font-weight: 400;\">Esta Pol\u00edtica de Privacidad describe c\u00f3mo CONVERIS ONE Inc (\"nosotros\", \"nos\" o \"nuestro\") recopila, utiliza y divulga su informaci\u00f3n personal cuando utiliza nuestro sitio web tecnologieevoluinc.com (el \"Sitio\") o nuestros servicios.<\/span><\/p><p>\u00a0<\/p><p><strong>2.Informaci\u00f3n que Recopilamos<\/strong><\/p><p><span style=\"font-weight: 400;\">Recopilamos informaci\u00f3n que usted nos proporciona directamente, como cuando:<\/span><\/p><ul><li style=\"font-weight: 400;\" aria-level=\"1\"><span style=\"font-weight: 400;\">Completa formularios en nuestro Sitio<\/span><\/li><li style=\"font-weight: 400;\" aria-level=\"1\"><span style=\"font-weight: 400;\">Solicita una cotizaci\u00f3n o informaci\u00f3n<\/span><\/li><li style=\"font-weight: 400;\" aria-level=\"1\"><span style=\"font-weight: 400;\">Se suscribe a nuestro bolet\u00edn<\/span><\/li><li style=\"font-weight: 400;\" aria-level=\"1\"><span style=\"font-weight: 400;\">Solicita un empleo<\/span><\/li><\/ul><p><span style=\"font-weight: 400;\">Tambi\u00e9n recopilamos autom\u00e1ticamente cierta informaci\u00f3n cuando visita nuestro Sitio, incluyendo:<\/span><\/p><ul><li style=\"font-weight: 400;\" aria-level=\"1\"><span style=\"font-weight: 400;\">Direcci\u00f3n IP<\/span><\/li><li style=\"font-weight: 400;\" aria-level=\"1\"><span style=\"font-weight: 400;\">Tipo de navegador<\/span><\/li><li style=\"font-weight: 400;\" aria-level=\"1\"><span style=\"font-weight: 400;\">Informaci\u00f3n del dispositivo<\/span><\/li><li style=\"font-weight: 400;\" aria-level=\"1\"><span style=\"font-weight: 400;\">P\u00e1ginas visitadas<\/span><\/li><\/ul><p>\u00a0<\/p><p><strong>3.C\u00f3mo Utilizamos su Informaci\u00f3n<\/strong><\/p><p><span style=\"font-weight: 400;\">Utilizamos su informaci\u00f3n para:<\/span><\/p><ul><li style=\"font-weight: 400;\" aria-level=\"1\"><span style=\"font-weight: 400;\">Proporcionar y mejorar nuestros servicios<\/span><\/li><li style=\"font-weight: 400;\" aria-level=\"1\"><span style=\"font-weight: 400;\">Responder a sus solicitudes<\/span><\/li><li style=\"font-weight: 400;\" aria-level=\"1\"><span style=\"font-weight: 400;\">Enviarle comunicaciones de marketing (con su consentimiento)<\/span><\/li><li style=\"font-weight: 400;\" aria-level=\"1\"><span style=\"font-weight: 400;\">Analizar y mejorar el rendimiento de nuestro Sitio<\/span><\/li><\/ul><p>\u00a0<\/p><p><strong>4.Compartir Informaci\u00f3n<\/strong><\/p><p><span style=\"font-weight: 400;\">No vendemos su informaci\u00f3n personal. Podemos compartir su informaci\u00f3n con:<\/span><\/p><ul><li style=\"font-weight: 400;\" aria-level=\"1\"><span style=\"font-weight: 400;\">Proveedores de servicios que nos ayudan en nuestras operaciones.<\/span><\/li><li style=\"font-weight: 400;\" aria-level=\"1\"><span style=\"font-weight: 400;\">Seg\u00fan lo requiera la ley o para proteger nuestros derechos.<\/span><\/li><\/ul><p>\u00a0<\/p><p><strong>5.Sus Derechos<\/strong><\/p><p><span style=\"font-weight: 400;\">Usted tiene derecho a:<\/span><\/p><ul><li style=\"font-weight: 400;\" aria-level=\"1\"><span style=\"font-weight: 400;\">Acceder a su informaci\u00f3n personal<\/span><\/li><li style=\"font-weight: 400;\" aria-level=\"1\"><span style=\"font-weight: 400;\">Solicitar la correcci\u00f3n de su informaci\u00f3n<\/span><\/li><li style=\"font-weight: 400;\" aria-level=\"1\"><span style=\"font-weight: 400;\">Retirar el consentimiento para ciertas actividades de procesamiento de datos<\/span><\/li><\/ul><p>\u00a0<\/p><p><strong>6.Seguridad de Datos<\/strong><\/p><p><span style=\"font-weight: 400;\">Implementamos medidas apropiadas para proteger su informaci\u00f3n personal.<\/span><\/p><p>\u00a0<\/p><p><strong>7.Cambios en esta Pol\u00edtica<\/strong><\/p><p><span style=\"font-weight: 400;\">Podemos actualizar esta Pol\u00edtica de Privacidad peri\u00f3dicamente. La versi\u00f3n actualizada se indicar\u00e1 con una nueva fecha de \"\u00daltima actualizaci\u00f3n\".<\/span><\/p><p>\u00a0<\/p><p><strong>9.Cont\u00e1ctenos<\/strong><\/p><p><span style=\"font-weight: 400;\">Para preguntas sobre esta Pol\u00edtica de Privacidad, cont\u00e1ctenos en:<\/span><\/p><p><span style=\"font-weight: 400;\">CONVERIS ONE Inc<\/span><span style=\"font-weight: 400;\"><br \/><\/span><span style=\"font-weight: 400;\">1111 Dr. -Frrderik-Philips Boulevard Suite 600, Saint Laurent, Quebec, H4M 2X6<\/span><span style=\"font-weight: 400;\"><br \/><\/span><span style=\"font-weight: 400;\">Montreal, QC, H3K 0A8<\/span><span style=\"font-weight: 400;\"><br \/><\/span><\/p><p>\u00a0<\/p><p><span style=\"font-weight: 400;\">Esta Pol\u00edtica de Privacidad cumple con la Ley de Protecci\u00f3n de Informaci\u00f3n Personal y Documentos Electr\u00f3nicos (PIPEDA) y otras leyes de privacidad canadienses aplicables.<\/span><\/p>\t\t\t\t\t\t\t\t<\/div>\n\t\t\t\t<\/div>\n\t\t\t\t\t<\/div>\n\t\t<\/div>\n\t\t\t\t\t<\/div>\n\t\t<\/section>\n\t\t\t\t<\/div>","protected":false},"excerpt":{"rendered":"<p>Privacy Policy Privacy Policy for CONVERIS ONE Inc Last updated: December 12, 2024 \u00a0 1.Introduction This Privacy Policy describes how CONVERIS ONE Inc (&#8220;we&#8221;, &#8220;us&#8221;, or &#8220;our&#8221;) collects, uses, and discloses your personal information when you use our website tecnologieevoluinc.com (the &#8220;Site&#8221;) or our services. \u00a0 2.Information We Collect We collect information you provide directly [&hellip;]<\/p>\n","protected":false},"author":3,"featured_media":0,"parent":0,"menu_order":0,"comment_status":"closed","ping_status":"closed","template":"elementor_header_footer","meta":{"footnotes":""},"class_list":["post-817","page","type-page","status-publish","hentry"],"_links":{"self":[{"href":"https:\/\/converisoneinc.com\/es\/wp-json\/wp\/v2\/pages\/817","targetHints":{"allow":["GET"]}}],"collection":[{"href":"https:\/\/converisoneinc.com\/es\/wp-json\/wp\/v2\/pages"}],"about":[{"href":"https:\/\/converisoneinc.com\/es\/wp-json\/wp\/v2\/types\/page"}],"author":[{"embeddable":true,"href":"https:\/\/converisoneinc.com\/es\/wp-json\/wp\/v2\/users\/3"}],"replies":[{"embeddable":true,"href":"https:\/\/converisoneinc.com\/es\/wp-json\/wp\/v2\/comments?post=817"}],"version-history":[{"count":18,"href":"https:\/\/converisoneinc.com\/es\/wp-json\/wp\/v2\/pages\/817\/revisions"}],"predecessor-version":[{"id":835,"href":"https:\/\/converisoneinc.com\/es\/wp-json\/wp\/v2\/pages\/817\/revisions\/835"}],"wp:attachment":[{"href":"https:\/\/converisoneinc.com\/es\/wp-json\/wp\/v2\/media?parent=817"}],"curies":[{"name":"wp","href":"https:\/\/api.w.org\/{rel}","templated":true}]}}