{"id":222,"date":"2024-12-15T16:52:48","date_gmt":"2024-12-15T16:52:48","guid":{"rendered":"https:\/\/converisoneinc.com\/?page_id=222"},"modified":"2024-12-17T21:57:02","modified_gmt":"2024-12-17T21:57:02","slug":"les-services","status":"publish","type":"page","link":"https:\/\/converisoneinc.com\/fr\/les-services\/","title":{"rendered":"Les Services"},"content":{"rendered":"<div data-elementor-type=\"wp-page\" data-elementor-id=\"222\" class=\"elementor elementor-222\" data-elementor-post-type=\"page\">\n\t\t\t\t\t\t<section class=\"elementor-section elementor-top-section elementor-element elementor-element-7fb800a5 elementor-section-height-min-height elementor-section-items-stretch elementor-section-stretched elementor-section-boxed elementor-section-height-default\" data-id=\"7fb800a5\" data-element_type=\"section\" data-e-type=\"section\" data-settings=\"{&quot;stretch_section&quot;:&quot;section-stretched&quot;,&quot;background_background&quot;:&quot;classic&quot;}\">\n\t\t\t\t\t\t<div class=\"elementor-container elementor-column-gap-default\">\n\t\t\t\t\t<div class=\"elementor-column elementor-col-100 elementor-top-column elementor-element elementor-element-180b8142\" data-id=\"180b8142\" data-element_type=\"column\" data-e-type=\"column\" data-settings=\"{&quot;background_background&quot;:&quot;classic&quot;}\">\n\t\t\t<div class=\"elementor-widget-wrap elementor-element-populated\">\n\t\t\t\t\t\t<div class=\"elementor-element elementor-element-1c48f0a6 elementor-invisible elementor-widget elementor-widget-icon-box\" data-id=\"1c48f0a6\" data-element_type=\"widget\" data-e-type=\"widget\" data-settings=\"{&quot;_animation&quot;:&quot;fadeInUp&quot;}\" data-widget_type=\"icon-box.default\">\n\t\t\t\t<div class=\"elementor-widget-container\">\n\t\t\t\t\t\t\t<div class=\"elementor-icon-box-wrapper\">\n\n\t\t\t\n\t\t\t\t\t\t<div class=\"elementor-icon-box-content\">\n\n\t\t\t\t\n\t\t\t\t\t\t\t\t\t<p class=\"elementor-icon-box-description\">\n\t\t\t\t\t\tChez Converis One Inc,\t\t\t\t\t<\/p>\n\t\t\t\t\n\t\t\t<\/div>\n\t\t\t\n\t\t<\/div>\n\t\t\t\t\t\t<\/div>\n\t\t\t\t<\/div>\n\t\t\t\t<div class=\"elementor-element elementor-element-e17ccbc elementor-widget elementor-widget-text-editor\" data-id=\"e17ccbc\" data-element_type=\"widget\" data-e-type=\"widget\" data-widget_type=\"text-editor.default\">\n\t\t\t\t<div class=\"elementor-widget-container\">\n\t\t\t\t\t\t\t\t\t<p><span style=\"font-weight: 400;\">Nous sommes fiers d'offrir une gamme compl\u00e8te et sophistiqu\u00e9e de services con\u00e7us pour prot\u00e9ger vos actifs num\u00e9riques, optimiser l'exp\u00e9rience de vos clients et favoriser la croissance de votre entreprise. Nos solutions int\u00e9gr\u00e9es r\u00e9pondent aux d\u00e9fis les plus critiques en mati\u00e8re de cybers\u00e9curit\u00e9, de protection des donn\u00e9es et de gestion de l'exp\u00e9rience client, le tout soutenu par notre expertise de pointe et notre technologie de pointe.<\/span><\/p>\t\t\t\t\t\t\t\t<\/div>\n\t\t\t\t<\/div>\n\t\t\t\t\t<\/div>\n\t\t<\/div>\n\t\t\t\t\t<\/div>\n\t\t<\/section>\n\t\t\t\t<div class=\"elementor-section elementor-top-section elementor-element elementor-element-6c74a9de elementor-section-boxed elementor-section-height-default elementor-section-height-default\" data-id=\"6c74a9de\" data-element_type=\"section\" data-e-type=\"section\" data-settings=\"{&quot;background_background&quot;:&quot;classic&quot;}\">\n\t\t\t\t\t\t<div class=\"elementor-container elementor-column-gap-default\">\n\t\t\t\t\t<div class=\"elementor-column elementor-col-33 elementor-top-column elementor-element elementor-element-484d04b9\" data-id=\"484d04b9\" data-element_type=\"column\" data-e-type=\"column\">\n\t\t\t<div class=\"elementor-widget-wrap elementor-element-populated\">\n\t\t\t\t\t\t<div class=\"elementor-element elementor-element-3a448a4 elementor-widget elementor-widget-image\" data-id=\"3a448a4\" data-element_type=\"widget\" data-e-type=\"widget\" data-widget_type=\"image.default\">\n\t\t\t\t<div class=\"elementor-widget-container\">\n\t\t\t\t\t\t\t\t\t\t\t\t\t\t\t<img fetchpriority=\"high\" decoding=\"async\" width=\"800\" height=\"532\" src=\"https:\/\/converisoneinc.com\/wp-content\/uploads\/2024\/12\/cyber1-1024x681.jpg\" class=\"attachment-large size-large wp-image-732\" alt=\"\" srcset=\"https:\/\/converisoneinc.com\/wp-content\/uploads\/2024\/12\/cyber1-1024x681.jpg 1024w, https:\/\/converisoneinc.com\/wp-content\/uploads\/2024\/12\/cyber1-300x200.jpg 300w, https:\/\/converisoneinc.com\/wp-content\/uploads\/2024\/12\/cyber1-768x511.jpg 768w, https:\/\/converisoneinc.com\/wp-content\/uploads\/2024\/12\/cyber1-18x12.jpg 18w, https:\/\/converisoneinc.com\/wp-content\/uploads\/2024\/12\/cyber1.jpg 1500w\" sizes=\"(max-width: 800px) 100vw, 800px\" \/>\t\t\t\t\t\t\t\t\t\t\t\t\t\t\t<\/div>\n\t\t\t\t<\/div>\n\t\t\t\t<div class=\"elementor-element elementor-element-64a5e141 elementor-widget elementor-widget-icon-box\" data-id=\"64a5e141\" data-element_type=\"widget\" data-e-type=\"widget\" data-widget_type=\"icon-box.default\">\n\t\t\t\t<div class=\"elementor-widget-container\">\n\t\t\t\t\t\t\t<div class=\"elementor-icon-box-wrapper\">\n\n\t\t\t\n\t\t\t\t\t\t<div class=\"elementor-icon-box-content\">\n\n\t\t\t\t\t\t\t\t\t<div class=\"elementor-icon-box-title\">\n\t\t\t\t\t\t<span  >\n\t\t\t\t\t\t\tCybers\u00e9curit\u00e9\t\t\t\t\t\t<\/span>\n\t\t\t\t\t<\/div>\n\t\t\t\t\n\t\t\t\t\n\t\t\t<\/div>\n\t\t\t\n\t\t<\/div>\n\t\t\t\t\t\t<\/div>\n\t\t\t\t<\/div>\n\t\t\t\t<div class=\"elementor-element elementor-element-1d5e48fc elementor-align-justify elementor-tablet-align-center elementor-mobile-align-justify elementor-widget elementor-widget-button\" data-id=\"1d5e48fc\" data-element_type=\"widget\" data-e-type=\"widget\" data-widget_type=\"button.default\">\n\t\t\t\t<div class=\"elementor-widget-container\">\n\t\t\t\t\t\t\t\t\t<div class=\"elementor-button-wrapper\">\n\t\t\t\t\t<a class=\"elementor-button elementor-button-link elementor-size-sm\" href=\"https:\/\/converisoneinc.com\/fr\/cybersecurite\/\">\n\t\t\t\t\t\t<span class=\"elementor-button-content-wrapper\">\n\t\t\t\t\t\t\t\t\t<span class=\"elementor-button-text\">D\u00e9marrage<\/span>\n\t\t\t\t\t<\/span>\n\t\t\t\t\t<\/a>\n\t\t\t\t<\/div>\n\t\t\t\t\t\t\t\t<\/div>\n\t\t\t\t<\/div>\n\t\t\t\t\t<\/div>\n\t\t<\/div>\n\t\t\t\t<div class=\"elementor-column elementor-col-33 elementor-top-column elementor-element elementor-element-78ca2cd\" data-id=\"78ca2cd\" data-element_type=\"column\" data-e-type=\"column\">\n\t\t\t<div class=\"elementor-widget-wrap elementor-element-populated\">\n\t\t\t\t\t\t<div class=\"elementor-element elementor-element-3f7c9c9 elementor-widget elementor-widget-image\" data-id=\"3f7c9c9\" data-element_type=\"widget\" data-e-type=\"widget\" data-widget_type=\"image.default\">\n\t\t\t\t<div class=\"elementor-widget-container\">\n\t\t\t\t\t\t\t\t\t\t\t\t\t\t\t<img decoding=\"async\" width=\"800\" height=\"532\" src=\"https:\/\/converisoneinc.com\/wp-content\/uploads\/2024\/12\/Data-Protection1-1024x681.jpg\" class=\"attachment-large size-large wp-image-736\" alt=\"\" srcset=\"https:\/\/converisoneinc.com\/wp-content\/uploads\/2024\/12\/Data-Protection1-1024x681.jpg 1024w, https:\/\/converisoneinc.com\/wp-content\/uploads\/2024\/12\/Data-Protection1-300x200.jpg 300w, https:\/\/converisoneinc.com\/wp-content\/uploads\/2024\/12\/Data-Protection1-768x511.jpg 768w, https:\/\/converisoneinc.com\/wp-content\/uploads\/2024\/12\/Data-Protection1-18x12.jpg 18w, https:\/\/converisoneinc.com\/wp-content\/uploads\/2024\/12\/Data-Protection1.jpg 1500w\" sizes=\"(max-width: 800px) 100vw, 800px\" \/>\t\t\t\t\t\t\t\t\t\t\t\t\t\t\t<\/div>\n\t\t\t\t<\/div>\n\t\t\t\t<div class=\"elementor-element elementor-element-e99fd19 elementor-widget elementor-widget-icon-box\" data-id=\"e99fd19\" data-element_type=\"widget\" data-e-type=\"widget\" data-widget_type=\"icon-box.default\">\n\t\t\t\t<div class=\"elementor-widget-container\">\n\t\t\t\t\t\t\t<div class=\"elementor-icon-box-wrapper\">\n\n\t\t\t\n\t\t\t\t\t\t<div class=\"elementor-icon-box-content\">\n\n\t\t\t\t\t\t\t\t\t<div class=\"elementor-icon-box-title\">\n\t\t\t\t\t\t<span  >\n\t\t\t\t\t\t\tProtection des donn\u00e9es\t\t\t\t\t\t<\/span>\n\t\t\t\t\t<\/div>\n\t\t\t\t\n\t\t\t\t\n\t\t\t<\/div>\n\t\t\t\n\t\t<\/div>\n\t\t\t\t\t\t<\/div>\n\t\t\t\t<\/div>\n\t\t\t\t<div class=\"elementor-element elementor-element-2034c36 elementor-align-justify elementor-tablet-align-center elementor-mobile-align-justify elementor-widget elementor-widget-button\" data-id=\"2034c36\" data-element_type=\"widget\" data-e-type=\"widget\" data-widget_type=\"button.default\">\n\t\t\t\t<div class=\"elementor-widget-container\">\n\t\t\t\t\t\t\t\t\t<div class=\"elementor-button-wrapper\">\n\t\t\t\t\t<a class=\"elementor-button elementor-button-link elementor-size-sm\" href=\"https:\/\/converisoneinc.com\/fr\/protection-des-donnees\/\">\n\t\t\t\t\t\t<span class=\"elementor-button-content-wrapper\">\n\t\t\t\t\t\t\t\t\t<span class=\"elementor-button-text\">D\u00e9marrage<\/span>\n\t\t\t\t\t<\/span>\n\t\t\t\t\t<\/a>\n\t\t\t\t<\/div>\n\t\t\t\t\t\t\t\t<\/div>\n\t\t\t\t<\/div>\n\t\t\t\t\t<\/div>\n\t\t<\/div>\n\t\t\t\t<div class=\"elementor-column elementor-col-33 elementor-top-column elementor-element elementor-element-5c75b2c\" data-id=\"5c75b2c\" data-element_type=\"column\" data-e-type=\"column\">\n\t\t\t<div class=\"elementor-widget-wrap elementor-element-populated\">\n\t\t\t\t\t\t<div class=\"elementor-element elementor-element-1ec88be elementor-widget elementor-widget-image\" data-id=\"1ec88be\" data-element_type=\"widget\" data-e-type=\"widget\" data-widget_type=\"image.default\">\n\t\t\t\t<div class=\"elementor-widget-container\">\n\t\t\t\t\t\t\t\t\t\t\t\t\t\t\t<img decoding=\"async\" width=\"800\" height=\"532\" src=\"https:\/\/converisoneinc.com\/wp-content\/uploads\/2024\/12\/Compliance-Consulting-1024x681.jpg\" class=\"attachment-large size-large wp-image-740\" alt=\"\" srcset=\"https:\/\/converisoneinc.com\/wp-content\/uploads\/2024\/12\/Compliance-Consulting-1024x681.jpg 1024w, https:\/\/converisoneinc.com\/wp-content\/uploads\/2024\/12\/Compliance-Consulting-300x200.jpg 300w, https:\/\/converisoneinc.com\/wp-content\/uploads\/2024\/12\/Compliance-Consulting-768x511.jpg 768w, https:\/\/converisoneinc.com\/wp-content\/uploads\/2024\/12\/Compliance-Consulting-18x12.jpg 18w, https:\/\/converisoneinc.com\/wp-content\/uploads\/2024\/12\/Compliance-Consulting.jpg 1500w\" sizes=\"(max-width: 800px) 100vw, 800px\" \/>\t\t\t\t\t\t\t\t\t\t\t\t\t\t\t<\/div>\n\t\t\t\t<\/div>\n\t\t\t\t<div class=\"elementor-element elementor-element-e854a69 elementor-widget elementor-widget-icon-box\" data-id=\"e854a69\" data-element_type=\"widget\" data-e-type=\"widget\" data-widget_type=\"icon-box.default\">\n\t\t\t\t<div class=\"elementor-widget-container\">\n\t\t\t\t\t\t\t<div class=\"elementor-icon-box-wrapper\">\n\n\t\t\t\n\t\t\t\t\t\t<div class=\"elementor-icon-box-content\">\n\n\t\t\t\t\t\t\t\t\t<div class=\"elementor-icon-box-title\">\n\t\t\t\t\t\t<span  >\n\t\t\t\t\t\t\tConseil en conformit\u00e9\t\t\t\t\t\t<\/span>\n\t\t\t\t\t<\/div>\n\t\t\t\t\n\t\t\t\t\n\t\t\t<\/div>\n\t\t\t\n\t\t<\/div>\n\t\t\t\t\t\t<\/div>\n\t\t\t\t<\/div>\n\t\t\t\t<div class=\"elementor-element elementor-element-bf47b61 elementor-align-justify elementor-tablet-align-center elementor-mobile-align-justify elementor-widget elementor-widget-button\" data-id=\"bf47b61\" data-element_type=\"widget\" data-e-type=\"widget\" data-widget_type=\"button.default\">\n\t\t\t\t<div class=\"elementor-widget-container\">\n\t\t\t\t\t\t\t\t\t<div class=\"elementor-button-wrapper\">\n\t\t\t\t\t<a class=\"elementor-button elementor-button-link elementor-size-sm\" href=\"https:\/\/converisoneinc.com\/fr\/conseil-en-conformite\/\">\n\t\t\t\t\t\t<span class=\"elementor-button-content-wrapper\">\n\t\t\t\t\t\t\t\t\t<span class=\"elementor-button-text\">D\u00e9marrage<\/span>\n\t\t\t\t\t<\/span>\n\t\t\t\t\t<\/a>\n\t\t\t\t<\/div>\n\t\t\t\t\t\t\t\t<\/div>\n\t\t\t\t<\/div>\n\t\t\t\t\t<\/div>\n\t\t<\/div>\n\t\t\t\t\t<\/div>\n\t\t<\/div>\n\t\t\t\t<div class=\"elementor-section elementor-top-section elementor-element elementor-element-e2f1d98 elementor-section-boxed elementor-section-height-default elementor-section-height-default\" data-id=\"e2f1d98\" data-element_type=\"section\" data-e-type=\"section\" data-settings=\"{&quot;background_background&quot;:&quot;classic&quot;}\">\n\t\t\t\t\t\t<div class=\"elementor-container elementor-column-gap-default\">\n\t\t\t\t\t<div class=\"elementor-column elementor-col-33 elementor-top-column elementor-element elementor-element-7ee011e\" data-id=\"7ee011e\" data-element_type=\"column\" data-e-type=\"column\">\n\t\t\t<div class=\"elementor-widget-wrap elementor-element-populated\">\n\t\t\t\t\t\t<div class=\"elementor-element elementor-element-8231cf3 elementor-widget elementor-widget-image\" data-id=\"8231cf3\" data-element_type=\"widget\" data-e-type=\"widget\" data-widget_type=\"image.default\">\n\t\t\t\t<div class=\"elementor-widget-container\">\n\t\t\t\t\t\t\t\t\t\t\t\t\t\t\t<img loading=\"lazy\" decoding=\"async\" width=\"800\" height=\"532\" src=\"https:\/\/converisoneinc.com\/wp-content\/uploads\/2024\/12\/Corporate-Transactions-and-Mergers-Advisory-1024x681.jpg\" class=\"attachment-large size-large wp-image-744\" alt=\"\" srcset=\"https:\/\/converisoneinc.com\/wp-content\/uploads\/2024\/12\/Corporate-Transactions-and-Mergers-Advisory-1024x681.jpg 1024w, https:\/\/converisoneinc.com\/wp-content\/uploads\/2024\/12\/Corporate-Transactions-and-Mergers-Advisory-300x200.jpg 300w, https:\/\/converisoneinc.com\/wp-content\/uploads\/2024\/12\/Corporate-Transactions-and-Mergers-Advisory-768x511.jpg 768w, https:\/\/converisoneinc.com\/wp-content\/uploads\/2024\/12\/Corporate-Transactions-and-Mergers-Advisory-18x12.jpg 18w, https:\/\/converisoneinc.com\/wp-content\/uploads\/2024\/12\/Corporate-Transactions-and-Mergers-Advisory.jpg 1500w\" sizes=\"(max-width: 800px) 100vw, 800px\" \/>\t\t\t\t\t\t\t\t\t\t\t\t\t\t\t<\/div>\n\t\t\t\t<\/div>\n\t\t\t\t<div class=\"elementor-element elementor-element-c6871ab elementor-widget elementor-widget-icon-box\" data-id=\"c6871ab\" data-element_type=\"widget\" data-e-type=\"widget\" data-widget_type=\"icon-box.default\">\n\t\t\t\t<div class=\"elementor-widget-container\">\n\t\t\t\t\t\t\t<div class=\"elementor-icon-box-wrapper\">\n\n\t\t\t\n\t\t\t\t\t\t<div class=\"elementor-icon-box-content\">\n\n\t\t\t\t\t\t\t\t\t<div class=\"elementor-icon-box-title\">\n\t\t\t\t\t\t<span  >\n\t\t\t\t\t\t\tAvis sur les transactions d'entreprise et les fusions\t\t\t\t\t\t<\/span>\n\t\t\t\t\t<\/div>\n\t\t\t\t\n\t\t\t\t\n\t\t\t<\/div>\n\t\t\t\n\t\t<\/div>\n\t\t\t\t\t\t<\/div>\n\t\t\t\t<\/div>\n\t\t\t\t<div class=\"elementor-element elementor-element-fd56208 elementor-align-justify elementor-tablet-align-center elementor-mobile-align-justify elementor-widget elementor-widget-button\" data-id=\"fd56208\" data-element_type=\"widget\" data-e-type=\"widget\" data-widget_type=\"button.default\">\n\t\t\t\t<div class=\"elementor-widget-container\">\n\t\t\t\t\t\t\t\t\t<div class=\"elementor-button-wrapper\">\n\t\t\t\t\t<a class=\"elementor-button elementor-button-link elementor-size-sm\" href=\"https:\/\/converisoneinc.com\/fr\/avis-sur-les-transactions-dentreprise-et-les-fusions\/\">\n\t\t\t\t\t\t<span class=\"elementor-button-content-wrapper\">\n\t\t\t\t\t\t\t\t\t<span class=\"elementor-button-text\">D\u00e9marrage<\/span>\n\t\t\t\t\t<\/span>\n\t\t\t\t\t<\/a>\n\t\t\t\t<\/div>\n\t\t\t\t\t\t\t\t<\/div>\n\t\t\t\t<\/div>\n\t\t\t\t\t<\/div>\n\t\t<\/div>\n\t\t\t\t<div class=\"elementor-column elementor-col-33 elementor-top-column elementor-element elementor-element-c1ad6d0\" data-id=\"c1ad6d0\" data-element_type=\"column\" data-e-type=\"column\">\n\t\t\t<div class=\"elementor-widget-wrap elementor-element-populated\">\n\t\t\t\t\t\t<div class=\"elementor-element elementor-element-ca2f0df elementor-widget elementor-widget-image\" data-id=\"ca2f0df\" data-element_type=\"widget\" data-e-type=\"widget\" data-widget_type=\"image.default\">\n\t\t\t\t<div class=\"elementor-widget-container\">\n\t\t\t\t\t\t\t\t\t\t\t\t\t\t\t<img loading=\"lazy\" decoding=\"async\" width=\"800\" height=\"532\" src=\"https:\/\/converisoneinc.com\/wp-content\/uploads\/2024\/12\/Customer-Experience-Audits-1024x681.jpg\" class=\"attachment-large size-large wp-image-749\" alt=\"\" srcset=\"https:\/\/converisoneinc.com\/wp-content\/uploads\/2024\/12\/Customer-Experience-Audits-1024x681.jpg 1024w, https:\/\/converisoneinc.com\/wp-content\/uploads\/2024\/12\/Customer-Experience-Audits-300x200.jpg 300w, https:\/\/converisoneinc.com\/wp-content\/uploads\/2024\/12\/Customer-Experience-Audits-768x511.jpg 768w, https:\/\/converisoneinc.com\/wp-content\/uploads\/2024\/12\/Customer-Experience-Audits-18x12.jpg 18w, https:\/\/converisoneinc.com\/wp-content\/uploads\/2024\/12\/Customer-Experience-Audits.jpg 1500w\" sizes=\"(max-width: 800px) 100vw, 800px\" \/>\t\t\t\t\t\t\t\t\t\t\t\t\t\t\t<\/div>\n\t\t\t\t<\/div>\n\t\t\t\t<div class=\"elementor-element elementor-element-b3fea25 elementor-widget elementor-widget-icon-box\" data-id=\"b3fea25\" data-element_type=\"widget\" data-e-type=\"widget\" data-widget_type=\"icon-box.default\">\n\t\t\t\t<div class=\"elementor-widget-container\">\n\t\t\t\t\t\t\t<div class=\"elementor-icon-box-wrapper\">\n\n\t\t\t\n\t\t\t\t\t\t<div class=\"elementor-icon-box-content\">\n\n\t\t\t\t\t\t\t\t\t<div class=\"elementor-icon-box-title\">\n\t\t\t\t\t\t<span  >\n\t\t\t\t\t\t\tAudits de l'exp\u00e9rience client\t\t\t\t\t\t<\/span>\n\t\t\t\t\t<\/div>\n\t\t\t\t\n\t\t\t\t\n\t\t\t<\/div>\n\t\t\t\n\t\t<\/div>\n\t\t\t\t\t\t<\/div>\n\t\t\t\t<\/div>\n\t\t\t\t<div class=\"elementor-element elementor-element-4e20f19 elementor-align-justify elementor-tablet-align-center elementor-mobile-align-justify elementor-widget elementor-widget-button\" data-id=\"4e20f19\" data-element_type=\"widget\" data-e-type=\"widget\" data-widget_type=\"button.default\">\n\t\t\t\t<div class=\"elementor-widget-container\">\n\t\t\t\t\t\t\t\t\t<div class=\"elementor-button-wrapper\">\n\t\t\t\t\t<a class=\"elementor-button elementor-button-link elementor-size-sm\" href=\"https:\/\/converisoneinc.com\/fr\/audits-de-lexperience-client\/\">\n\t\t\t\t\t\t<span class=\"elementor-button-content-wrapper\">\n\t\t\t\t\t\t\t\t\t<span class=\"elementor-button-text\">D\u00e9marrage<\/span>\n\t\t\t\t\t<\/span>\n\t\t\t\t\t<\/a>\n\t\t\t\t<\/div>\n\t\t\t\t\t\t\t\t<\/div>\n\t\t\t\t<\/div>\n\t\t\t\t\t<\/div>\n\t\t<\/div>\n\t\t\t\t<div class=\"elementor-column elementor-col-33 elementor-top-column elementor-element elementor-element-f2d0594\" data-id=\"f2d0594\" data-element_type=\"column\" data-e-type=\"column\">\n\t\t\t<div class=\"elementor-widget-wrap elementor-element-populated\">\n\t\t\t\t\t\t<div class=\"elementor-element elementor-element-3a938de elementor-widget elementor-widget-image\" data-id=\"3a938de\" data-element_type=\"widget\" data-e-type=\"widget\" data-widget_type=\"image.default\">\n\t\t\t\t<div class=\"elementor-widget-container\">\n\t\t\t\t\t\t\t\t\t\t\t\t\t\t\t<img loading=\"lazy\" decoding=\"async\" width=\"800\" height=\"532\" src=\"https:\/\/converisoneinc.com\/wp-content\/uploads\/2024\/12\/Complex1-1024x681.jpg\" class=\"attachment-large size-large wp-image-748\" alt=\"\" srcset=\"https:\/\/converisoneinc.com\/wp-content\/uploads\/2024\/12\/Complex1-1024x681.jpg 1024w, https:\/\/converisoneinc.com\/wp-content\/uploads\/2024\/12\/Complex1-300x200.jpg 300w, https:\/\/converisoneinc.com\/wp-content\/uploads\/2024\/12\/Complex1-768x511.jpg 768w, https:\/\/converisoneinc.com\/wp-content\/uploads\/2024\/12\/Complex1-18x12.jpg 18w, https:\/\/converisoneinc.com\/wp-content\/uploads\/2024\/12\/Complex1.jpg 1500w\" sizes=\"(max-width: 800px) 100vw, 800px\" \/>\t\t\t\t\t\t\t\t\t\t\t\t\t\t\t<\/div>\n\t\t\t\t<\/div>\n\t\t\t\t<div class=\"elementor-element elementor-element-4b44720 elementor-widget elementor-widget-icon-box\" data-id=\"4b44720\" data-element_type=\"widget\" data-e-type=\"widget\" data-widget_type=\"icon-box.default\">\n\t\t\t\t<div class=\"elementor-widget-container\">\n\t\t\t\t\t\t\t<div class=\"elementor-icon-box-wrapper\">\n\n\t\t\t\n\t\t\t\t\t\t<div class=\"elementor-icon-box-content\">\n\n\t\t\t\t\t\t\t\t\t<div class=\"elementor-icon-box-title\">\n\t\t\t\t\t\t<span  >\n\t\t\t\t\t\t\tGestion des contrats complexes\t\t\t\t\t\t<\/span>\n\t\t\t\t\t<\/div>\n\t\t\t\t\n\t\t\t\t\n\t\t\t<\/div>\n\t\t\t\n\t\t<\/div>\n\t\t\t\t\t\t<\/div>\n\t\t\t\t<\/div>\n\t\t\t\t<div class=\"elementor-element elementor-element-686d07a elementor-align-justify elementor-tablet-align-center elementor-mobile-align-justify elementor-widget elementor-widget-button\" data-id=\"686d07a\" data-element_type=\"widget\" data-e-type=\"widget\" data-widget_type=\"button.default\">\n\t\t\t\t<div class=\"elementor-widget-container\">\n\t\t\t\t\t\t\t\t\t<div class=\"elementor-button-wrapper\">\n\t\t\t\t\t<a class=\"elementor-button elementor-button-link elementor-size-sm\" href=\"https:\/\/converisoneinc.com\/fr\/gestion-des-contrats-complexes\/\">\n\t\t\t\t\t\t<span class=\"elementor-button-content-wrapper\">\n\t\t\t\t\t\t\t\t\t<span class=\"elementor-button-text\">D\u00e9marrage<\/span>\n\t\t\t\t\t<\/span>\n\t\t\t\t\t<\/a>\n\t\t\t\t<\/div>\n\t\t\t\t\t\t\t\t<\/div>\n\t\t\t\t<\/div>\n\t\t\t\t\t<\/div>\n\t\t<\/div>\n\t\t\t\t\t<\/div>\n\t\t<\/div>\n\t\t\t\t<\/div>","protected":false},"excerpt":{"rendered":"<p>At Converis One Inc, We pride ourselves on offering a full and sophisticated range of services designed to protect your digital assets, optimize your customers&#8217; experience, and empower your business growth. Our integrated solutions address the most critical challenges in cybersecurity, data protection, and customer experience management, all backed by our industry-leading expertise and cutting-edge [&hellip;]<\/p>\n","protected":false},"author":3,"featured_media":0,"parent":0,"menu_order":0,"comment_status":"closed","ping_status":"closed","template":"elementor_header_footer","meta":{"footnotes":""},"class_list":["post-222","page","type-page","status-publish","hentry"],"_links":{"self":[{"href":"https:\/\/converisoneinc.com\/fr\/wp-json\/wp\/v2\/pages\/222","targetHints":{"allow":["GET"]}}],"collection":[{"href":"https:\/\/converisoneinc.com\/fr\/wp-json\/wp\/v2\/pages"}],"about":[{"href":"https:\/\/converisoneinc.com\/fr\/wp-json\/wp\/v2\/types\/page"}],"author":[{"embeddable":true,"href":"https:\/\/converisoneinc.com\/fr\/wp-json\/wp\/v2\/users\/3"}],"replies":[{"embeddable":true,"href":"https:\/\/converisoneinc.com\/fr\/wp-json\/wp\/v2\/comments?post=222"}],"version-history":[{"count":51,"href":"https:\/\/converisoneinc.com\/fr\/wp-json\/wp\/v2\/pages\/222\/revisions"}],"predecessor-version":[{"id":1050,"href":"https:\/\/converisoneinc.com\/fr\/wp-json\/wp\/v2\/pages\/222\/revisions\/1050"}],"wp:attachment":[{"href":"https:\/\/converisoneinc.com\/fr\/wp-json\/wp\/v2\/media?parent=222"}],"curies":[{"name":"wp","href":"https:\/\/api.w.org\/{rel}","templated":true}]}}