{"id":817,"date":"2024-12-16T21:03:29","date_gmt":"2024-12-16T21:03:29","guid":{"rendered":"https:\/\/converisoneinc.com\/?page_id=817"},"modified":"2024-12-16T21:07:23","modified_gmt":"2024-12-16T21:07:23","slug":"politique-de-confidentialite","status":"publish","type":"page","link":"https:\/\/converisoneinc.com\/fr\/politique-de-confidentialite\/","title":{"rendered":"Politique de Confidentialit\u00e9"},"content":{"rendered":"<div data-elementor-type=\"wp-page\" data-elementor-id=\"817\" class=\"elementor elementor-817\" data-elementor-post-type=\"page\">\n\t\t\t\t\t\t<section class=\"elementor-section elementor-top-section elementor-element elementor-element-78f2e095 elementor-section-height-min-height elementor-section-items-stretch elementor-section-stretched elementor-section-boxed elementor-section-height-default\" data-id=\"78f2e095\" data-element_type=\"section\" data-e-type=\"section\" data-settings=\"{&quot;stretch_section&quot;:&quot;section-stretched&quot;,&quot;background_background&quot;:&quot;classic&quot;}\">\n\t\t\t\t\t\t<div class=\"elementor-container elementor-column-gap-default\">\n\t\t\t\t\t<div class=\"elementor-column elementor-col-100 elementor-top-column elementor-element elementor-element-261c7783\" data-id=\"261c7783\" data-element_type=\"column\" data-e-type=\"column\" data-settings=\"{&quot;background_background&quot;:&quot;classic&quot;}\">\n\t\t\t<div class=\"elementor-widget-wrap elementor-element-populated\">\n\t\t\t\t\t\t<div class=\"elementor-element elementor-element-4c127cdc elementor-invisible elementor-widget elementor-widget-icon-box\" data-id=\"4c127cdc\" data-element_type=\"widget\" data-e-type=\"widget\" data-settings=\"{&quot;_animation&quot;:&quot;fadeInUp&quot;}\" data-widget_type=\"icon-box.default\">\n\t\t\t\t<div class=\"elementor-widget-container\">\n\t\t\t\t\t\t\t<div class=\"elementor-icon-box-wrapper\">\n\n\t\t\t\n\t\t\t\t\t\t<div class=\"elementor-icon-box-content\">\n\n\t\t\t\t\n\t\t\t\t\t\t\t\t\t<p class=\"elementor-icon-box-description\">\n\t\t\t\t\t\tPolitique de Confidentialit\u00e9\t\t\t\t\t<\/p>\n\t\t\t\t\n\t\t\t<\/div>\n\t\t\t\n\t\t<\/div>\n\t\t\t\t\t\t<\/div>\n\t\t\t\t<\/div>\n\t\t\t\t\t<\/div>\n\t\t<\/div>\n\t\t\t\t\t<\/div>\n\t\t<\/section>\n\t\t\t\t<section class=\"elementor-section elementor-top-section elementor-element elementor-element-25e2bef elementor-section-boxed elementor-section-height-default elementor-section-height-default\" data-id=\"25e2bef\" data-element_type=\"section\" data-e-type=\"section\">\n\t\t\t\t\t\t<div class=\"elementor-container elementor-column-gap-default\">\n\t\t\t\t\t<div class=\"elementor-column elementor-col-100 elementor-top-column elementor-element elementor-element-01af82a\" data-id=\"01af82a\" data-element_type=\"column\" data-e-type=\"column\">\n\t\t\t<div class=\"elementor-widget-wrap elementor-element-populated\">\n\t\t\t\t\t\t<div class=\"elementor-element elementor-element-5f9bccd elementor-widget elementor-widget-text-editor\" data-id=\"5f9bccd\" data-element_type=\"widget\" data-e-type=\"widget\" data-widget_type=\"text-editor.default\">\n\t\t\t\t<div class=\"elementor-widget-container\">\n\t\t\t\t\t\t\t\t\t<p><span style=\"font-weight: 400;\">Politique de Confidentialit\u00e9 de CONVERIS ONE Inc<\/span><\/p><p><span style=\"font-weight: 400;\">Derni\u00e8re mise \u00e0 jour : 12 d\u00e9cembre 2024<\/span><\/p><p>\u00a0<\/p><p><strong>1.Introduction<\/strong><\/p><p><span style=\"font-weight: 400;\">Cette Politique de Confidentialit\u00e9 d\u00e9crit comment CONVERIS ONE Inc (\u00ab nous \u00bb, \u00ab notre \u00bb ou \u00ab nos \u00bb) recueille, utilise et divulgue vos renseignements personnels lorsque vous utilisez notre site Web tecnologieevoluinc.com (le \u00ab Site \u00bb) ou nos services.<\/span><\/p><p>\u00a0<\/p><p><strong>2.Informations que nous recueillons<\/strong><\/p><p><span style=\"font-weight: 400;\">Nous recueillons les informations que vous nous fournissez directement, comme lorsque vous :<\/span><\/p><ul><li style=\"font-weight: 400;\" aria-level=\"1\"><span style=\"font-weight: 400;\">Remplissez des formulaires sur notre Site<\/span><\/li><li style=\"font-weight: 400;\" aria-level=\"1\"><span style=\"font-weight: 400;\">Demandez un devis ou des informations<\/span><\/li><li style=\"font-weight: 400;\" aria-level=\"1\"><span style=\"font-weight: 400;\">Vous abonnez \u00e0 notre infolettre<\/span><\/li><li style=\"font-weight: 400;\" aria-level=\"1\"><span style=\"font-weight: 400;\">Postulez \u00e0 un emploi<\/span><\/li><\/ul><p><span style=\"font-weight: 400;\">Nous recueillons \u00e9galement automatiquement certaines informations lorsque vous visitez notre Site, notamment :<\/span><\/p><ul><li style=\"font-weight: 400;\" aria-level=\"1\"><span style=\"font-weight: 400;\">Adresse IP<\/span><\/li><li style=\"font-weight: 400;\" aria-level=\"1\"><span style=\"font-weight: 400;\">Type de navigateur<\/span><\/li><li style=\"font-weight: 400;\" aria-level=\"1\"><span style=\"font-weight: 400;\">Informations sur l'appareil<\/span><\/li><li style=\"font-weight: 400;\" aria-level=\"1\"><span style=\"font-weight: 400;\">Pages consult\u00e9es<\/span><\/li><\/ul><p>\u00a0<\/p><p><strong>3.Comment nous utilisons vos informations<\/strong><\/p><p><span style=\"font-weight: 400;\">Nous utilisons vos informations pour :<\/span><\/p><ul><li style=\"font-weight: 400;\" aria-level=\"1\"><span style=\"font-weight: 400;\">Fournir et am\u00e9liorer nos services<\/span><\/li><li style=\"font-weight: 400;\" aria-level=\"1\"><span style=\"font-weight: 400;\">R\u00e9pondre \u00e0 vos demandes<\/span><\/li><li style=\"font-weight: 400;\" aria-level=\"1\"><span style=\"font-weight: 400;\">Vous envoyer des communications marketing (avec votre consentement)<\/span><\/li><li style=\"font-weight: 400;\" aria-level=\"1\"><span style=\"font-weight: 400;\">Analyser et am\u00e9liorer les performances de notre Site<\/span><\/li><\/ul><p>\u00a0<\/p><p><strong>4.Partage d'informations<\/strong><\/p><p><span style=\"font-weight: 400;\">Nous ne vendons pas vos renseignements personnels. Nous pouvons partager vos informations avec :<\/span><\/p><ul><li style=\"font-weight: 400;\" aria-level=\"1\"><span style=\"font-weight: 400;\">Des fournisseurs de services qui nous aident dans nos op\u00e9rations<\/span><\/li><li style=\"font-weight: 400;\" aria-level=\"1\"><span style=\"font-weight: 400;\">Conform\u00e9ment aux exigences l\u00e9gales ou pour prot\u00e9ger nos droits<\/span><\/li><\/ul><p>\u00a0<\/p><p><strong>5.Vos droits<\/strong><\/p><p><span style=\"font-weight: 400;\">Vous avez le droit de :<\/span><\/p><ul><li style=\"font-weight: 400;\" aria-level=\"1\"><span style=\"font-weight: 400;\">Acc\u00e9der \u00e0 vos renseignements personnels<\/span><\/li><li style=\"font-weight: 400;\" aria-level=\"1\"><span style=\"font-weight: 400;\">Demander la correction de vos informations<\/span><\/li><li style=\"font-weight: 400;\" aria-level=\"1\"><span style=\"font-weight: 400;\">Retirer votre consentement pour certaines activit\u00e9s de traitement des donn\u00e9es<\/span><\/li><\/ul><p>\u00a0<\/p><p><strong>6.S\u00e9curit\u00e9 des donn\u00e9es<\/strong><\/p><p><span style=\"font-weight: 400;\">Nous mettons en \u0153uvre des mesures appropri\u00e9es pour prot\u00e9ger vos renseignements personnels.<\/span><\/p><p>\u00a0<\/p><p><strong>7.Modifications de cette politique<\/strong><\/p><p><span style=\"font-weight: 400;\">Nous pouvons mettre \u00e0 jour cette Politique de Confidentialit\u00e9 p\u00e9riodiquement. La version mise \u00e0 jour sera indiqu\u00e9e par une nouvelle date de \u00ab Derni\u00e8re mise \u00e0 jour \u00bb.<\/span><\/p><p>\u00a0<\/p><p><strong>8.Contactez-nous<\/strong><\/p><p><span style=\"font-weight: 400;\">Pour toute question concernant cette Politique de Confidentialit\u00e9, contactez-nous \u00e0:<\/span><\/p><p><span style=\"font-weight: 400;\">CONVERIS ONE Inc<\/span><span style=\"font-weight: 400;\"><br \/><\/span><span style=\"font-weight: 400;\">1111 Dr. -Frrderik-Philips Boulevard Suite 600, Saint Laurent, Quebec, H4M 2X6<\/span><span style=\"font-weight: 400;\"><br \/><\/span><span style=\"font-weight: 400;\">Montreal, QC, H3K 0A8<\/span><span style=\"font-weight: 400;\"><br \/><\/span><\/p><p>\u00a0<\/p><p><span style=\"font-weight: 400;\">Cette Politique de Confidentialit\u00e9 est conforme \u00e0 la Loi sur la protection des renseignements personnels et les documents \u00e9lectroniques (LPRPDE) et aux autres lois canadiennes sur la protection de la vie priv\u00e9e applicables.<\/span><\/p>\t\t\t\t\t\t\t\t<\/div>\n\t\t\t\t<\/div>\n\t\t\t\t\t<\/div>\n\t\t<\/div>\n\t\t\t\t\t<\/div>\n\t\t<\/section>\n\t\t\t\t<\/div>","protected":false},"excerpt":{"rendered":"<p>Privacy Policy Privacy Policy for CONVERIS ONE Inc Last updated: December 12, 2024 \u00a0 1.Introduction This Privacy Policy describes how CONVERIS ONE Inc (&#8220;we&#8221;, &#8220;us&#8221;, or &#8220;our&#8221;) collects, uses, and discloses your personal information when you use our website tecnologieevoluinc.com (the &#8220;Site&#8221;) or our services. \u00a0 2.Information We Collect We collect information you provide directly [&hellip;]<\/p>\n","protected":false},"author":3,"featured_media":0,"parent":0,"menu_order":0,"comment_status":"closed","ping_status":"closed","template":"elementor_header_footer","meta":{"footnotes":""},"class_list":["post-817","page","type-page","status-publish","hentry"],"_links":{"self":[{"href":"https:\/\/converisoneinc.com\/fr\/wp-json\/wp\/v2\/pages\/817","targetHints":{"allow":["GET"]}}],"collection":[{"href":"https:\/\/converisoneinc.com\/fr\/wp-json\/wp\/v2\/pages"}],"about":[{"href":"https:\/\/converisoneinc.com\/fr\/wp-json\/wp\/v2\/types\/page"}],"author":[{"embeddable":true,"href":"https:\/\/converisoneinc.com\/fr\/wp-json\/wp\/v2\/users\/3"}],"replies":[{"embeddable":true,"href":"https:\/\/converisoneinc.com\/fr\/wp-json\/wp\/v2\/comments?post=817"}],"version-history":[{"count":18,"href":"https:\/\/converisoneinc.com\/fr\/wp-json\/wp\/v2\/pages\/817\/revisions"}],"predecessor-version":[{"id":835,"href":"https:\/\/converisoneinc.com\/fr\/wp-json\/wp\/v2\/pages\/817\/revisions\/835"}],"wp:attachment":[{"href":"https:\/\/converisoneinc.com\/fr\/wp-json\/wp\/v2\/media?parent=817"}],"curies":[{"name":"wp","href":"https:\/\/api.w.org\/{rel}","templated":true}]}}